{"id":157,"date":"2020-03-14T12:17:26","date_gmt":"2020-03-14T11:17:26","guid":{"rendered":"http:\/\/sectorisk.fr\/?page_id=157"},"modified":"2025-02-20T17:31:39","modified_gmt":"2025-02-20T16:31:39","slug":"domaines-dintervention","status":"publish","type":"page","link":"https:\/\/sectorisk.fr\/index.php\/domaines-dintervention\/","title":{"rendered":"Domaines d&rsquo;intervention"},"content":{"rendered":"\t\t<div data-elementor-type=\"wp-page\" data-elementor-id=\"157\" class=\"elementor elementor-157\">\n\t\t\t\t<div class=\"elementor-element elementor-element-b72a802 e-flex e-con-boxed e-con e-parent\" data-id=\"b72a802\" data-element_type=\"container\" data-settings=\"{&quot;content_width&quot;:&quot;boxed&quot;}\" data-core-v316-plus=\"true\">\n\t\t\t\t\t<div class=\"e-con-inner\">\n\t\t\t\t<div class=\"elementor-element elementor-element-3ffc81b elementor-widget elementor-widget-heading\" data-id=\"3ffc81b\" data-element_type=\"widget\" data-widget_type=\"heading.default\">\n\t\t\t\t<div class=\"elementor-widget-container\">\n\t\t\t<style>\/*! elementor - v3.19.0 - 28-02-2024 *\/\n.elementor-heading-title{padding:0;margin:0;line-height:1}.elementor-widget-heading .elementor-heading-title[class*=elementor-size-]>a{color:inherit;font-size:inherit;line-height:inherit}.elementor-widget-heading .elementor-heading-title.elementor-size-small{font-size:15px}.elementor-widget-heading .elementor-heading-title.elementor-size-medium{font-size:19px}.elementor-widget-heading .elementor-heading-title.elementor-size-large{font-size:29px}.elementor-widget-heading .elementor-heading-title.elementor-size-xl{font-size:39px}.elementor-widget-heading .elementor-heading-title.elementor-size-xxl{font-size:59px}<\/style><h2 class=\"elementor-heading-title elementor-size-default\">DOMAINES D'INTERVENTION<\/h2>\t\t<\/div>\n\t\t\t\t<\/div>\n\t\t\t\t<div class=\"elementor-element elementor-element-597dc7f elementor-widget-divider--view-line elementor-widget elementor-widget-divider\" data-id=\"597dc7f\" data-element_type=\"widget\" data-widget_type=\"divider.default\">\n\t\t\t\t<div class=\"elementor-widget-container\">\n\t\t\t<style>\/*! elementor - v3.19.0 - 28-02-2024 *\/\n.elementor-widget-divider{--divider-border-style:none;--divider-border-width:1px;--divider-color:#0c0d0e;--divider-icon-size:20px;--divider-element-spacing:10px;--divider-pattern-height:24px;--divider-pattern-size:20px;--divider-pattern-url:none;--divider-pattern-repeat:repeat-x}.elementor-widget-divider .elementor-divider{display:flex}.elementor-widget-divider .elementor-divider__text{font-size:15px;line-height:1;max-width:95%}.elementor-widget-divider .elementor-divider__element{margin:0 var(--divider-element-spacing);flex-shrink:0}.elementor-widget-divider .elementor-icon{font-size:var(--divider-icon-size)}.elementor-widget-divider .elementor-divider-separator{display:flex;margin:0;direction:ltr}.elementor-widget-divider--view-line_icon .elementor-divider-separator,.elementor-widget-divider--view-line_text .elementor-divider-separator{align-items:center}.elementor-widget-divider--view-line_icon .elementor-divider-separator:after,.elementor-widget-divider--view-line_icon .elementor-divider-separator:before,.elementor-widget-divider--view-line_text .elementor-divider-separator:after,.elementor-widget-divider--view-line_text .elementor-divider-separator:before{display:block;content:\"\";border-block-end:0;flex-grow:1;border-block-start:var(--divider-border-width) var(--divider-border-style) var(--divider-color)}.elementor-widget-divider--element-align-left .elementor-divider .elementor-divider-separator>.elementor-divider__svg:first-of-type{flex-grow:0;flex-shrink:100}.elementor-widget-divider--element-align-left .elementor-divider-separator:before{content:none}.elementor-widget-divider--element-align-left .elementor-divider__element{margin-left:0}.elementor-widget-divider--element-align-right .elementor-divider .elementor-divider-separator>.elementor-divider__svg:last-of-type{flex-grow:0;flex-shrink:100}.elementor-widget-divider--element-align-right .elementor-divider-separator:after{content:none}.elementor-widget-divider--element-align-right .elementor-divider__element{margin-right:0}.elementor-widget-divider--element-align-start .elementor-divider .elementor-divider-separator>.elementor-divider__svg:first-of-type{flex-grow:0;flex-shrink:100}.elementor-widget-divider--element-align-start .elementor-divider-separator:before{content:none}.elementor-widget-divider--element-align-start .elementor-divider__element{margin-inline-start:0}.elementor-widget-divider--element-align-end .elementor-divider .elementor-divider-separator>.elementor-divider__svg:last-of-type{flex-grow:0;flex-shrink:100}.elementor-widget-divider--element-align-end .elementor-divider-separator:after{content:none}.elementor-widget-divider--element-align-end .elementor-divider__element{margin-inline-end:0}.elementor-widget-divider:not(.elementor-widget-divider--view-line_text):not(.elementor-widget-divider--view-line_icon) .elementor-divider-separator{border-block-start:var(--divider-border-width) var(--divider-border-style) var(--divider-color)}.elementor-widget-divider--separator-type-pattern{--divider-border-style:none}.elementor-widget-divider--separator-type-pattern.elementor-widget-divider--view-line .elementor-divider-separator,.elementor-widget-divider--separator-type-pattern:not(.elementor-widget-divider--view-line) .elementor-divider-separator:after,.elementor-widget-divider--separator-type-pattern:not(.elementor-widget-divider--view-line) .elementor-divider-separator:before,.elementor-widget-divider--separator-type-pattern:not([class*=elementor-widget-divider--view]) .elementor-divider-separator{width:100%;min-height:var(--divider-pattern-height);-webkit-mask-size:var(--divider-pattern-size) 100%;mask-size:var(--divider-pattern-size) 100%;-webkit-mask-repeat:var(--divider-pattern-repeat);mask-repeat:var(--divider-pattern-repeat);background-color:var(--divider-color);-webkit-mask-image:var(--divider-pattern-url);mask-image:var(--divider-pattern-url)}.elementor-widget-divider--no-spacing{--divider-pattern-size:auto}.elementor-widget-divider--bg-round{--divider-pattern-repeat:round}.rtl .elementor-widget-divider .elementor-divider__text{direction:rtl}.e-con-inner>.elementor-widget-divider,.e-con>.elementor-widget-divider{width:var(--container-widget-width,100%);--flex-grow:var(--container-widget-flex-grow)}<\/style>\t\t<div class=\"elementor-divider\">\n\t\t\t<span class=\"elementor-divider-separator\">\n\t\t\t\t\t\t<\/span>\n\t\t<\/div>\n\t\t\t\t<\/div>\n\t\t\t\t<\/div>\n\t\t\t\t\t<\/div>\n\t\t\t\t<\/div>\n\t\t<div class=\"elementor-element elementor-element-236ce588 e-flex e-con-boxed e-con e-parent\" data-id=\"236ce588\" data-element_type=\"container\" data-settings=\"{&quot;content_width&quot;:&quot;boxed&quot;}\" data-core-v316-plus=\"true\">\n\t\t\t\t\t<div class=\"e-con-inner\">\n\t\t\t\t<div class=\"elementor-element elementor-element-38700878 elementor-widget elementor-widget-text-editor\" data-id=\"38700878\" data-element_type=\"widget\" data-widget_type=\"text-editor.default\">\n\t\t\t\t<div class=\"elementor-widget-container\">\n\t\t\t<style>\/*! elementor - v3.19.0 - 28-02-2024 *\/\n.elementor-widget-text-editor.elementor-drop-cap-view-stacked .elementor-drop-cap{background-color:#69727d;color:#fff}.elementor-widget-text-editor.elementor-drop-cap-view-framed .elementor-drop-cap{color:#69727d;border:3px solid;background-color:transparent}.elementor-widget-text-editor:not(.elementor-drop-cap-view-default) .elementor-drop-cap{margin-top:8px}.elementor-widget-text-editor:not(.elementor-drop-cap-view-default) .elementor-drop-cap-letter{width:1em;height:1em}.elementor-widget-text-editor .elementor-drop-cap{float:left;text-align:center;line-height:1;font-size:50px}.elementor-widget-text-editor .elementor-drop-cap-letter{display:inline-block}<\/style>\t\t\t\t<p><!-- wp:paragraph --><\/p>\n<p>Sectorisk intervient dans plusieurs domaines touchant \u00e0 la s\u00e9curit\u00e9 des biens et des personnes en Ile de France et partout en France.<\/p>\n<p><!-- \/wp:paragraph --><\/p>\n<p><!-- wp:paragraph --><\/p>\n<p>Nos services s&rsquo;associant \u00e0 notre savoir faire en mati\u00e8re de s\u00e9curit\u00e9 ont permis d\u2019\u00e9largir nos offres de prestations selon vos besoins :<\/p>\n<p><!-- \/wp:paragraph --><\/p>\n<p><!-- wp:list --><\/p>\n<ul>\n<li>Retail ( Magasins de luxe, Distribution, Commerces).<\/li>\n<li>Bars, restaurants et clubs de haut standing.<\/li>\n<li>\u00c9v\u00e9nements de luxe (Accueil et orientation des clients).<\/li>\n<li>Galas de sport.<\/li>\n<li>Protection lors de vos vacances et autres d\u00e9placements.<\/li>\n<li>Service de protection avec v\u00e9hicule et chauffeur.<\/li>\n<\/ul>\n<p><!-- \/wp:list --><\/p>\n<p><!-- wp:paragraph --><\/p>\n<p><!-- \/wp:paragraph --><\/p>\n<p><!-- wp:paragraph --><\/p>\n<p><!-- \/wp:paragraph --><\/p>\t\t\t\t\t\t<\/div>\n\t\t\t\t<\/div>\n\t\t\t\t\t<\/div>\n\t\t\t\t<\/div>\n\t\t<div class=\"elementor-element elementor-element-f70ad13 e-flex e-con-boxed e-con e-parent\" data-id=\"f70ad13\" data-element_type=\"container\" data-settings=\"{&quot;content_width&quot;:&quot;boxed&quot;}\" data-core-v316-plus=\"true\">\n\t\t\t\t\t<div class=\"e-con-inner\">\n\t\t<div class=\"elementor-element elementor-element-a5d3824 e-flex e-con-boxed e-con e-child\" data-id=\"a5d3824\" data-element_type=\"container\" data-settings=\"{&quot;content_width&quot;:&quot;boxed&quot;}\">\n\t\t\t\t\t<div class=\"e-con-inner\">\n\t\t<div class=\"elementor-element elementor-element-97690af e-con-full e-flex e-con e-child\" data-id=\"97690af\" data-element_type=\"container\" data-settings=\"{&quot;content_width&quot;:&quot;full&quot;}\">\n\t\t\t\t<div class=\"elementor-element elementor-element-5992cfe elementor-widget elementor-widget-image\" data-id=\"5992cfe\" data-element_type=\"widget\" data-widget_type=\"image.default\">\n\t\t\t\t<div class=\"elementor-widget-container\">\n\t\t\t<style>\/*! elementor - v3.19.0 - 28-02-2024 *\/\n.elementor-widget-image{text-align:center}.elementor-widget-image a{display:inline-block}.elementor-widget-image a img[src$=\".svg\"]{width:48px}.elementor-widget-image img{vertical-align:middle;display:inline-block}<\/style>\t\t\t\t\t\t\t\t\t\t<img fetchpriority=\"high\" decoding=\"async\" width=\"300\" height=\"300\" src=\"https:\/\/sectorisk.fr\/wp-content\/uploads\/2024\/03\/IMG_2514-e1717089283676-300x300.jpg\" class=\"attachment-medium size-medium wp-image-529\" alt=\"\" srcset=\"https:\/\/sectorisk.fr\/wp-content\/uploads\/2024\/03\/IMG_2514-e1717089283676-300x300.jpg 300w, https:\/\/sectorisk.fr\/wp-content\/uploads\/2024\/03\/IMG_2514-e1717089283676-150x150.jpg 150w, https:\/\/sectorisk.fr\/wp-content\/uploads\/2024\/03\/IMG_2514-e1717089283676.jpg 477w\" sizes=\"(max-width: 300px) 100vw, 300px\" \/>\t\t\t\t\t\t\t\t\t\t\t\t\t<\/div>\n\t\t\t\t<\/div>\n\t\t\t\t<\/div>\n\t\t<div class=\"elementor-element elementor-element-5381ea6 e-con-full e-flex e-con e-child\" data-id=\"5381ea6\" data-element_type=\"container\" data-settings=\"{&quot;content_width&quot;:&quot;full&quot;}\">\n\t\t\t\t<div class=\"elementor-element elementor-element-1450c28 elementor-widget elementor-widget-image\" data-id=\"1450c28\" data-element_type=\"widget\" data-widget_type=\"image.default\">\n\t\t\t\t<div class=\"elementor-widget-container\">\n\t\t\t\t\t\t\t\t\t\t\t\t\t<img decoding=\"async\" width=\"300\" height=\"275\" src=\"https:\/\/sectorisk.fr\/wp-content\/uploads\/2025\/02\/Photo-12-District-FFF-300x275.jpg\" class=\"attachment-medium size-medium wp-image-664\" alt=\"\" srcset=\"https:\/\/sectorisk.fr\/wp-content\/uploads\/2025\/02\/Photo-12-District-FFF-300x275.jpg 300w, https:\/\/sectorisk.fr\/wp-content\/uploads\/2025\/02\/Photo-12-District-FFF.jpg 640w\" sizes=\"(max-width: 300px) 100vw, 300px\" \/>\t\t\t\t\t\t\t\t\t\t\t\t\t<\/div>\n\t\t\t\t<\/div>\n\t\t\t\t<\/div>\n\t\t\t\t\t<\/div>\n\t\t\t\t<\/div>\n\t\t\t\t\t<\/div>\n\t\t\t\t<\/div>\n\t\t<div class=\"elementor-element elementor-element-870f9a2 e-flex e-con-boxed e-con e-parent\" data-id=\"870f9a2\" data-element_type=\"container\" data-settings=\"{&quot;content_width&quot;:&quot;boxed&quot;}\" data-core-v316-plus=\"true\">\n\t\t\t\t\t<div class=\"e-con-inner\">\n\t\t\t\t<div class=\"elementor-element elementor-element-a285966 elementor-widget elementor-widget-text-editor\" data-id=\"a285966\" data-element_type=\"widget\" data-widget_type=\"text-editor.default\">\n\t\t\t\t<div class=\"elementor-widget-container\">\n\t\t\t\t\t\t\t<p><!-- wp:paragraph --><\/p>\n<p><strong>\u00ab\u00a0<\/strong> <strong>Du personnel qualifi\u00e9 au service de l&rsquo;humain\u00a0\u00bb<\/strong><\/p>\n<p><!-- \/wp:paragraph --><\/p>\n<p><!-- wp:paragraph --><\/p>\n<p><!-- \/wp:paragraph --><\/p>\n<p><!-- wp:paragraph --><\/p>\n<p><!-- \/wp:paragraph --><\/p>\t\t\t\t\t\t<\/div>\n\t\t\t\t<\/div>\n\t\t\t\t<div class=\"elementor-element elementor-element-93cf6ab elementor-widget elementor-widget-text-editor\" data-id=\"93cf6ab\" data-element_type=\"widget\" data-widget_type=\"text-editor.default\">\n\t\t\t\t<div class=\"elementor-widget-container\">\n\t\t\t\t\t\t\t<p><!-- wp:paragraph --><\/p>\n<p><!-- \/wp:paragraph --><\/p>\n<p><!-- wp:paragraph --><\/p>\n<p>Pour ces diff\u00e9rents services, nous mettons \u00e0 votre disposition , du personnel de qualit\u00e9 avec de la prestance. Nos professionnels hommes et femmes sont \u00e0 votre service et vous font profiter de leur exp\u00e9rience en toute s\u00e9r\u00e9nit\u00e9 avec des solutions de s\u00e9curit\u00e9 adapt\u00e9es \u00e0 vos besoins.<\/p>\n<p><!-- \/wp:paragraph --><\/p>\n<p><!-- wp:paragraph --><\/p>\n<p><!-- \/wp:paragraph --><\/p>\t\t\t\t\t\t<\/div>\n\t\t\t\t<\/div>\n\t\t\t\t\t<\/div>\n\t\t\t\t<\/div>\n\t\t<div class=\"elementor-element elementor-element-4ce0549 e-flex e-con-boxed e-con e-parent\" data-id=\"4ce0549\" data-element_type=\"container\" data-settings=\"{&quot;content_width&quot;:&quot;boxed&quot;}\" data-core-v316-plus=\"true\">\n\t\t\t\t\t<div class=\"e-con-inner\">\n\t\t<div class=\"elementor-element elementor-element-89ff5c3 e-flex e-con-boxed e-con e-child\" data-id=\"89ff5c3\" data-element_type=\"container\" data-settings=\"{&quot;content_width&quot;:&quot;boxed&quot;}\">\n\t\t\t\t\t<div class=\"e-con-inner\">\n\t\t<div class=\"elementor-element elementor-element-8686c0a e-con-full e-flex e-con e-child\" data-id=\"8686c0a\" data-element_type=\"container\" data-settings=\"{&quot;content_width&quot;:&quot;full&quot;}\">\n\t\t\t\t<div class=\"elementor-element elementor-element-ddd971a elementor-widget elementor-widget-image\" data-id=\"ddd971a\" data-element_type=\"widget\" data-widget_type=\"image.default\">\n\t\t\t\t<div class=\"elementor-widget-container\">\n\t\t\t\t\t\t\t\t\t\t\t\t\t<img decoding=\"async\" width=\"225\" height=\"300\" src=\"https:\/\/sectorisk.fr\/wp-content\/uploads\/2025\/02\/Photo-9-District-FFF-225x300.jpg\" class=\"attachment-medium size-medium wp-image-633\" alt=\"\" srcset=\"https:\/\/sectorisk.fr\/wp-content\/uploads\/2025\/02\/Photo-9-District-FFF-225x300.jpg 225w, https:\/\/sectorisk.fr\/wp-content\/uploads\/2025\/02\/Photo-9-District-FFF-rotated.jpg 480w\" sizes=\"(max-width: 225px) 100vw, 225px\" \/>\t\t\t\t\t\t\t\t\t\t\t\t\t<\/div>\n\t\t\t\t<\/div>\n\t\t\t\t<\/div>\n\t\t<div class=\"elementor-element elementor-element-16167c9 e-con-full e-flex e-con e-child\" data-id=\"16167c9\" data-element_type=\"container\" data-settings=\"{&quot;content_width&quot;:&quot;full&quot;}\">\n\t\t\t\t<div class=\"elementor-element elementor-element-846e9a9 elementor-widget elementor-widget-image\" data-id=\"846e9a9\" data-element_type=\"widget\" data-widget_type=\"image.default\">\n\t\t\t\t<div class=\"elementor-widget-container\">\n\t\t\t\t\t\t\t\t\t\t\t\t\t<img loading=\"lazy\" decoding=\"async\" width=\"225\" height=\"300\" src=\"https:\/\/sectorisk.fr\/wp-content\/uploads\/2025\/02\/Photo-5-District-FFF-225x300.jpg\" class=\"attachment-medium size-medium wp-image-629\" alt=\"\" srcset=\"https:\/\/sectorisk.fr\/wp-content\/uploads\/2025\/02\/Photo-5-District-FFF-225x300.jpg 225w, https:\/\/sectorisk.fr\/wp-content\/uploads\/2025\/02\/Photo-5-District-FFF-rotated.jpg 480w\" sizes=\"(max-width: 225px) 100vw, 225px\" \/>\t\t\t\t\t\t\t\t\t\t\t\t\t<\/div>\n\t\t\t\t<\/div>\n\t\t\t\t<\/div>\n\t\t<div class=\"elementor-element elementor-element-86c9a82 e-con-full e-flex e-con e-child\" data-id=\"86c9a82\" data-element_type=\"container\" data-settings=\"{&quot;content_width&quot;:&quot;full&quot;}\">\n\t\t\t\t<div class=\"elementor-element elementor-element-5ad742b elementor-widget elementor-widget-image\" data-id=\"5ad742b\" data-element_type=\"widget\" data-widget_type=\"image.default\">\n\t\t\t\t<div class=\"elementor-widget-container\">\n\t\t\t\t\t\t\t\t\t\t\t\t\t<img loading=\"lazy\" decoding=\"async\" width=\"225\" height=\"300\" src=\"https:\/\/sectorisk.fr\/wp-content\/uploads\/2025\/02\/Photo3-District-FFF-225x300.jpg\" class=\"attachment-medium size-medium wp-image-637\" alt=\"\" srcset=\"https:\/\/sectorisk.fr\/wp-content\/uploads\/2025\/02\/Photo3-District-FFF-225x300.jpg 225w, https:\/\/sectorisk.fr\/wp-content\/uploads\/2025\/02\/Photo3-District-FFF-rotated.jpg 480w\" sizes=\"(max-width: 225px) 100vw, 225px\" \/>\t\t\t\t\t\t\t\t\t\t\t\t\t<\/div>\n\t\t\t\t<\/div>\n\t\t\t\t<\/div>\n\t\t\t\t\t<\/div>\n\t\t\t\t<\/div>\n\t\t\t\t\t<\/div>\n\t\t\t\t<\/div>\n\t\t\t\t<\/div>\n\t\t","protected":false},"excerpt":{"rendered":"<p>DOMAINES D&rsquo;INTERVENTION Sectorisk intervient dans plusieurs domaines touchant \u00e0 la s\u00e9curit\u00e9 des biens et des personnes en Ile de France et partout en France. Nos services s&rsquo;associant \u00e0 notre savoir faire en mati\u00e8re de s\u00e9curit\u00e9 ont permis d\u2019\u00e9largir nos offres de prestations selon vos besoins : Retail ( Magasins de luxe, Distribution, Commerces). Bars, restaurants [&hellip;]<\/p>\n","protected":false},"author":1,"featured_media":0,"parent":0,"menu_order":0,"comment_status":"closed","ping_status":"closed","template":"","meta":{"footnotes":""},"class_list":["post-157","page","type-page","status-publish","hentry"],"yoast_head":"<!-- This site is optimized with the Yoast SEO plugin v22.3 - https:\/\/yoast.com\/wordpress\/plugins\/seo\/ -->\n<title>Domaines d&#039;intervention - Sectorisk<\/title>\n<meta name=\"robots\" content=\"index, follow, max-snippet:-1, max-image-preview:large, max-video-preview:-1\" \/>\n<link rel=\"canonical\" href=\"https:\/\/sectorisk.fr\/index.php\/domaines-dintervention\/\" \/>\n<meta property=\"og:locale\" content=\"fr_FR\" \/>\n<meta property=\"og:type\" content=\"article\" \/>\n<meta property=\"og:title\" content=\"Domaines d&#039;intervention - Sectorisk\" \/>\n<meta property=\"og:description\" content=\"DOMAINES D&rsquo;INTERVENTION Sectorisk intervient dans plusieurs domaines touchant \u00e0 la s\u00e9curit\u00e9 des biens et des personnes en Ile de France et partout en France. Nos services s&rsquo;associant \u00e0 notre savoir faire en mati\u00e8re de s\u00e9curit\u00e9 ont permis d\u2019\u00e9largir nos offres de prestations selon vos besoins : Retail ( Magasins de luxe, Distribution, Commerces). Bars, restaurants [&hellip;]\" \/>\n<meta property=\"og:url\" content=\"https:\/\/sectorisk.fr\/index.php\/domaines-dintervention\/\" \/>\n<meta property=\"og:site_name\" content=\"Sectorisk\" \/>\n<meta property=\"article:modified_time\" content=\"2025-02-20T16:31:39+00:00\" \/>\n<meta property=\"og:image\" content=\"http:\/\/sectorisk.fr\/wp-content\/uploads\/2024\/03\/IMG_2514-e1717089283676-300x300.jpg\" \/>\n<meta name=\"twitter:card\" content=\"summary_large_image\" \/>\n<meta name=\"twitter:label1\" content=\"Dur\u00e9e de lecture estim\u00e9e\" \/>\n\t<meta name=\"twitter:data1\" content=\"2 minutes\" \/>\n<script type=\"application\/ld+json\" class=\"yoast-schema-graph\">{\"@context\":\"https:\/\/schema.org\",\"@graph\":[{\"@type\":\"WebPage\",\"@id\":\"https:\/\/sectorisk.fr\/index.php\/domaines-dintervention\/\",\"url\":\"https:\/\/sectorisk.fr\/index.php\/domaines-dintervention\/\",\"name\":\"Domaines d'intervention - Sectorisk\",\"isPartOf\":{\"@id\":\"https:\/\/sectorisk.fr\/#website\"},\"primaryImageOfPage\":{\"@id\":\"https:\/\/sectorisk.fr\/index.php\/domaines-dintervention\/#primaryimage\"},\"image\":{\"@id\":\"https:\/\/sectorisk.fr\/index.php\/domaines-dintervention\/#primaryimage\"},\"thumbnailUrl\":\"http:\/\/sectorisk.fr\/wp-content\/uploads\/2024\/03\/IMG_2514-e1717089283676-300x300.jpg\",\"datePublished\":\"2020-03-14T11:17:26+00:00\",\"dateModified\":\"2025-02-20T16:31:39+00:00\",\"breadcrumb\":{\"@id\":\"https:\/\/sectorisk.fr\/index.php\/domaines-dintervention\/#breadcrumb\"},\"inLanguage\":\"fr-FR\",\"potentialAction\":[{\"@type\":\"ReadAction\",\"target\":[\"https:\/\/sectorisk.fr\/index.php\/domaines-dintervention\/\"]}]},{\"@type\":\"ImageObject\",\"inLanguage\":\"fr-FR\",\"@id\":\"https:\/\/sectorisk.fr\/index.php\/domaines-dintervention\/#primaryimage\",\"url\":\"https:\/\/sectorisk.fr\/wp-content\/uploads\/2024\/03\/IMG_2514-e1717089283676.jpg\",\"contentUrl\":\"https:\/\/sectorisk.fr\/wp-content\/uploads\/2024\/03\/IMG_2514-e1717089283676.jpg\",\"width\":477,\"height\":477},{\"@type\":\"BreadcrumbList\",\"@id\":\"https:\/\/sectorisk.fr\/index.php\/domaines-dintervention\/#breadcrumb\",\"itemListElement\":[{\"@type\":\"ListItem\",\"position\":1,\"name\":\"Accueil\",\"item\":\"https:\/\/sectorisk.fr\/\"},{\"@type\":\"ListItem\",\"position\":2,\"name\":\"Domaines d&rsquo;intervention\"}]},{\"@type\":\"WebSite\",\"@id\":\"https:\/\/sectorisk.fr\/#website\",\"url\":\"https:\/\/sectorisk.fr\/\",\"name\":\"Sectorisk\",\"description\":\"&#039;&#039;Parce que votre s\u00e9curit\u00e9 n&#039;est pas une option,elle est une priorit\u00e9&#039;&#039;\",\"publisher\":{\"@id\":\"https:\/\/sectorisk.fr\/#organization\"},\"potentialAction\":[{\"@type\":\"SearchAction\",\"target\":{\"@type\":\"EntryPoint\",\"urlTemplate\":\"https:\/\/sectorisk.fr\/?s={search_term_string}\"},\"query-input\":\"required name=search_term_string\"}],\"inLanguage\":\"fr-FR\"},{\"@type\":\"Organization\",\"@id\":\"https:\/\/sectorisk.fr\/#organization\",\"name\":\"Sectorisk\",\"url\":\"https:\/\/sectorisk.fr\/\",\"logo\":{\"@type\":\"ImageObject\",\"inLanguage\":\"fr-FR\",\"@id\":\"https:\/\/sectorisk.fr\/#\/schema\/logo\/image\/\",\"url\":\"https:\/\/sectorisk.fr\/wp-content\/uploads\/2024\/05\/cropped-Logo-Setorisk-blanc-v2.png\",\"contentUrl\":\"https:\/\/sectorisk.fr\/wp-content\/uploads\/2024\/05\/cropped-Logo-Setorisk-blanc-v2.png\",\"width\":672,\"height\":125,\"caption\":\"Sectorisk\"},\"image\":{\"@id\":\"https:\/\/sectorisk.fr\/#\/schema\/logo\/image\/\"}}]}<\/script>\n<!-- \/ Yoast SEO plugin. -->","yoast_head_json":{"title":"Domaines d'intervention - Sectorisk","robots":{"index":"index","follow":"follow","max-snippet":"max-snippet:-1","max-image-preview":"max-image-preview:large","max-video-preview":"max-video-preview:-1"},"canonical":"https:\/\/sectorisk.fr\/index.php\/domaines-dintervention\/","og_locale":"fr_FR","og_type":"article","og_title":"Domaines d'intervention - Sectorisk","og_description":"DOMAINES D&rsquo;INTERVENTION Sectorisk intervient dans plusieurs domaines touchant \u00e0 la s\u00e9curit\u00e9 des biens et des personnes en Ile de France et partout en France. Nos services s&rsquo;associant \u00e0 notre savoir faire en mati\u00e8re de s\u00e9curit\u00e9 ont permis d\u2019\u00e9largir nos offres de prestations selon vos besoins : Retail ( Magasins de luxe, Distribution, Commerces). Bars, restaurants [&hellip;]","og_url":"https:\/\/sectorisk.fr\/index.php\/domaines-dintervention\/","og_site_name":"Sectorisk","article_modified_time":"2025-02-20T16:31:39+00:00","og_image":[{"url":"http:\/\/sectorisk.fr\/wp-content\/uploads\/2024\/03\/IMG_2514-e1717089283676-300x300.jpg"}],"twitter_card":"summary_large_image","twitter_misc":{"Dur\u00e9e de lecture estim\u00e9e":"2 minutes"},"schema":{"@context":"https:\/\/schema.org","@graph":[{"@type":"WebPage","@id":"https:\/\/sectorisk.fr\/index.php\/domaines-dintervention\/","url":"https:\/\/sectorisk.fr\/index.php\/domaines-dintervention\/","name":"Domaines d'intervention - Sectorisk","isPartOf":{"@id":"https:\/\/sectorisk.fr\/#website"},"primaryImageOfPage":{"@id":"https:\/\/sectorisk.fr\/index.php\/domaines-dintervention\/#primaryimage"},"image":{"@id":"https:\/\/sectorisk.fr\/index.php\/domaines-dintervention\/#primaryimage"},"thumbnailUrl":"http:\/\/sectorisk.fr\/wp-content\/uploads\/2024\/03\/IMG_2514-e1717089283676-300x300.jpg","datePublished":"2020-03-14T11:17:26+00:00","dateModified":"2025-02-20T16:31:39+00:00","breadcrumb":{"@id":"https:\/\/sectorisk.fr\/index.php\/domaines-dintervention\/#breadcrumb"},"inLanguage":"fr-FR","potentialAction":[{"@type":"ReadAction","target":["https:\/\/sectorisk.fr\/index.php\/domaines-dintervention\/"]}]},{"@type":"ImageObject","inLanguage":"fr-FR","@id":"https:\/\/sectorisk.fr\/index.php\/domaines-dintervention\/#primaryimage","url":"https:\/\/sectorisk.fr\/wp-content\/uploads\/2024\/03\/IMG_2514-e1717089283676.jpg","contentUrl":"https:\/\/sectorisk.fr\/wp-content\/uploads\/2024\/03\/IMG_2514-e1717089283676.jpg","width":477,"height":477},{"@type":"BreadcrumbList","@id":"https:\/\/sectorisk.fr\/index.php\/domaines-dintervention\/#breadcrumb","itemListElement":[{"@type":"ListItem","position":1,"name":"Accueil","item":"https:\/\/sectorisk.fr\/"},{"@type":"ListItem","position":2,"name":"Domaines d&rsquo;intervention"}]},{"@type":"WebSite","@id":"https:\/\/sectorisk.fr\/#website","url":"https:\/\/sectorisk.fr\/","name":"Sectorisk","description":"&#039;&#039;Parce que votre s\u00e9curit\u00e9 n&#039;est pas une option,elle est une priorit\u00e9&#039;&#039;","publisher":{"@id":"https:\/\/sectorisk.fr\/#organization"},"potentialAction":[{"@type":"SearchAction","target":{"@type":"EntryPoint","urlTemplate":"https:\/\/sectorisk.fr\/?s={search_term_string}"},"query-input":"required name=search_term_string"}],"inLanguage":"fr-FR"},{"@type":"Organization","@id":"https:\/\/sectorisk.fr\/#organization","name":"Sectorisk","url":"https:\/\/sectorisk.fr\/","logo":{"@type":"ImageObject","inLanguage":"fr-FR","@id":"https:\/\/sectorisk.fr\/#\/schema\/logo\/image\/","url":"https:\/\/sectorisk.fr\/wp-content\/uploads\/2024\/05\/cropped-Logo-Setorisk-blanc-v2.png","contentUrl":"https:\/\/sectorisk.fr\/wp-content\/uploads\/2024\/05\/cropped-Logo-Setorisk-blanc-v2.png","width":672,"height":125,"caption":"Sectorisk"},"image":{"@id":"https:\/\/sectorisk.fr\/#\/schema\/logo\/image\/"}}]}},"_links":{"self":[{"href":"https:\/\/sectorisk.fr\/index.php\/wp-json\/wp\/v2\/pages\/157","targetHints":{"allow":["GET"]}}],"collection":[{"href":"https:\/\/sectorisk.fr\/index.php\/wp-json\/wp\/v2\/pages"}],"about":[{"href":"https:\/\/sectorisk.fr\/index.php\/wp-json\/wp\/v2\/types\/page"}],"author":[{"embeddable":true,"href":"https:\/\/sectorisk.fr\/index.php\/wp-json\/wp\/v2\/users\/1"}],"replies":[{"embeddable":true,"href":"https:\/\/sectorisk.fr\/index.php\/wp-json\/wp\/v2\/comments?post=157"}],"version-history":[{"count":50,"href":"https:\/\/sectorisk.fr\/index.php\/wp-json\/wp\/v2\/pages\/157\/revisions"}],"predecessor-version":[{"id":667,"href":"https:\/\/sectorisk.fr\/index.php\/wp-json\/wp\/v2\/pages\/157\/revisions\/667"}],"wp:attachment":[{"href":"https:\/\/sectorisk.fr\/index.php\/wp-json\/wp\/v2\/media?parent=157"}],"curies":[{"name":"wp","href":"https:\/\/api.w.org\/{rel}","templated":true}]}}