{"id":8,"date":"2019-01-16T14:29:21","date_gmt":"2019-01-16T13:29:21","guid":{"rendered":"http:\/\/sectorisk.fr\/?page_id=8"},"modified":"2024-05-16T14:26:05","modified_gmt":"2024-05-16T12:26:05","slug":"a-propos-de","status":"publish","type":"page","link":"https:\/\/sectorisk.fr\/index.php\/a-propos-de\/","title":{"rendered":"\u00c0 propos de Sectorisk"},"content":{"rendered":"\t\t<div data-elementor-type=\"wp-page\" data-elementor-id=\"8\" class=\"elementor elementor-8\">\n\t\t\t\t<div class=\"elementor-element elementor-element-47b1251 e-flex e-con-boxed e-con e-parent\" data-id=\"47b1251\" data-element_type=\"container\" data-settings=\"{&quot;content_width&quot;:&quot;boxed&quot;}\" data-core-v316-plus=\"true\">\n\t\t\t\t\t<div class=\"e-con-inner\">\n\t\t\t\t<div class=\"elementor-element elementor-element-096d123 elementor-widget elementor-widget-heading\" data-id=\"096d123\" data-element_type=\"widget\" data-widget_type=\"heading.default\">\n\t\t\t\t<div class=\"elementor-widget-container\">\n\t\t\t<style>\/*! elementor - v3.19.0 - 28-02-2024 *\/\n.elementor-heading-title{padding:0;margin:0;line-height:1}.elementor-widget-heading .elementor-heading-title[class*=elementor-size-]>a{color:inherit;font-size:inherit;line-height:inherit}.elementor-widget-heading .elementor-heading-title.elementor-size-small{font-size:15px}.elementor-widget-heading .elementor-heading-title.elementor-size-medium{font-size:19px}.elementor-widget-heading .elementor-heading-title.elementor-size-large{font-size:29px}.elementor-widget-heading .elementor-heading-title.elementor-size-xl{font-size:39px}.elementor-widget-heading .elementor-heading-title.elementor-size-xxl{font-size:59px}<\/style><h2 class=\"elementor-heading-title elementor-size-default\">\u00c0 PROPOS DE SECTORISK<\/h2>\t\t<\/div>\n\t\t\t\t<\/div>\n\t\t\t\t<div class=\"elementor-element elementor-element-526e5a7 elementor-widget-divider--view-line elementor-widget elementor-widget-divider\" data-id=\"526e5a7\" data-element_type=\"widget\" data-widget_type=\"divider.default\">\n\t\t\t\t<div class=\"elementor-widget-container\">\n\t\t\t<style>\/*! elementor - v3.19.0 - 28-02-2024 *\/\n.elementor-widget-divider{--divider-border-style:none;--divider-border-width:1px;--divider-color:#0c0d0e;--divider-icon-size:20px;--divider-element-spacing:10px;--divider-pattern-height:24px;--divider-pattern-size:20px;--divider-pattern-url:none;--divider-pattern-repeat:repeat-x}.elementor-widget-divider .elementor-divider{display:flex}.elementor-widget-divider .elementor-divider__text{font-size:15px;line-height:1;max-width:95%}.elementor-widget-divider .elementor-divider__element{margin:0 var(--divider-element-spacing);flex-shrink:0}.elementor-widget-divider .elementor-icon{font-size:var(--divider-icon-size)}.elementor-widget-divider .elementor-divider-separator{display:flex;margin:0;direction:ltr}.elementor-widget-divider--view-line_icon .elementor-divider-separator,.elementor-widget-divider--view-line_text .elementor-divider-separator{align-items:center}.elementor-widget-divider--view-line_icon .elementor-divider-separator:after,.elementor-widget-divider--view-line_icon .elementor-divider-separator:before,.elementor-widget-divider--view-line_text .elementor-divider-separator:after,.elementor-widget-divider--view-line_text .elementor-divider-separator:before{display:block;content:\"\";border-block-end:0;flex-grow:1;border-block-start:var(--divider-border-width) var(--divider-border-style) var(--divider-color)}.elementor-widget-divider--element-align-left .elementor-divider .elementor-divider-separator>.elementor-divider__svg:first-of-type{flex-grow:0;flex-shrink:100}.elementor-widget-divider--element-align-left .elementor-divider-separator:before{content:none}.elementor-widget-divider--element-align-left .elementor-divider__element{margin-left:0}.elementor-widget-divider--element-align-right .elementor-divider .elementor-divider-separator>.elementor-divider__svg:last-of-type{flex-grow:0;flex-shrink:100}.elementor-widget-divider--element-align-right .elementor-divider-separator:after{content:none}.elementor-widget-divider--element-align-right .elementor-divider__element{margin-right:0}.elementor-widget-divider--element-align-start .elementor-divider .elementor-divider-separator>.elementor-divider__svg:first-of-type{flex-grow:0;flex-shrink:100}.elementor-widget-divider--element-align-start .elementor-divider-separator:before{content:none}.elementor-widget-divider--element-align-start .elementor-divider__element{margin-inline-start:0}.elementor-widget-divider--element-align-end .elementor-divider .elementor-divider-separator>.elementor-divider__svg:last-of-type{flex-grow:0;flex-shrink:100}.elementor-widget-divider--element-align-end .elementor-divider-separator:after{content:none}.elementor-widget-divider--element-align-end .elementor-divider__element{margin-inline-end:0}.elementor-widget-divider:not(.elementor-widget-divider--view-line_text):not(.elementor-widget-divider--view-line_icon) .elementor-divider-separator{border-block-start:var(--divider-border-width) var(--divider-border-style) var(--divider-color)}.elementor-widget-divider--separator-type-pattern{--divider-border-style:none}.elementor-widget-divider--separator-type-pattern.elementor-widget-divider--view-line .elementor-divider-separator,.elementor-widget-divider--separator-type-pattern:not(.elementor-widget-divider--view-line) .elementor-divider-separator:after,.elementor-widget-divider--separator-type-pattern:not(.elementor-widget-divider--view-line) .elementor-divider-separator:before,.elementor-widget-divider--separator-type-pattern:not([class*=elementor-widget-divider--view]) .elementor-divider-separator{width:100%;min-height:var(--divider-pattern-height);-webkit-mask-size:var(--divider-pattern-size) 100%;mask-size:var(--divider-pattern-size) 100%;-webkit-mask-repeat:var(--divider-pattern-repeat);mask-repeat:var(--divider-pattern-repeat);background-color:var(--divider-color);-webkit-mask-image:var(--divider-pattern-url);mask-image:var(--divider-pattern-url)}.elementor-widget-divider--no-spacing{--divider-pattern-size:auto}.elementor-widget-divider--bg-round{--divider-pattern-repeat:round}.rtl .elementor-widget-divider .elementor-divider__text{direction:rtl}.e-con-inner>.elementor-widget-divider,.e-con>.elementor-widget-divider{width:var(--container-widget-width,100%);--flex-grow:var(--container-widget-flex-grow)}<\/style>\t\t<div class=\"elementor-divider\">\n\t\t\t<span class=\"elementor-divider-separator\">\n\t\t\t\t\t\t<\/span>\n\t\t<\/div>\n\t\t\t\t<\/div>\n\t\t\t\t<\/div>\n\t\t\t\t\t<\/div>\n\t\t\t\t<\/div>\n\t\t<div class=\"elementor-element elementor-element-29b2fa46 e-flex e-con-boxed e-con e-parent\" data-id=\"29b2fa46\" data-element_type=\"container\" data-settings=\"{&quot;content_width&quot;:&quot;boxed&quot;}\" data-core-v316-plus=\"true\">\n\t\t\t\t\t<div class=\"e-con-inner\">\n\t\t\t\t<div class=\"elementor-element elementor-element-5ea5e33c elementor-widget elementor-widget-text-editor\" data-id=\"5ea5e33c\" data-element_type=\"widget\" data-widget_type=\"text-editor.default\">\n\t\t\t\t<div class=\"elementor-widget-container\">\n\t\t\t<style>\/*! elementor - v3.19.0 - 28-02-2024 *\/\n.elementor-widget-text-editor.elementor-drop-cap-view-stacked .elementor-drop-cap{background-color:#69727d;color:#fff}.elementor-widget-text-editor.elementor-drop-cap-view-framed .elementor-drop-cap{color:#69727d;border:3px solid;background-color:transparent}.elementor-widget-text-editor:not(.elementor-drop-cap-view-default) .elementor-drop-cap{margin-top:8px}.elementor-widget-text-editor:not(.elementor-drop-cap-view-default) .elementor-drop-cap-letter{width:1em;height:1em}.elementor-widget-text-editor .elementor-drop-cap{float:left;text-align:center;line-height:1;font-size:50px}.elementor-widget-text-editor .elementor-drop-cap-letter{display:inline-block}<\/style>\t\t\t\t<p style=\"text-align: left;\">A partir d\u2019une \u00e9tude effectu\u00e9e sur la base des exp\u00e9riences r\u00e9colt\u00e9es sur le terrain par des professionnels du m\u00e9tier au plus proche \u00a0des clients, selon le type d\u2019activit\u00e9, les causes li\u00e9es aux risques peuvent \u00eatre multiples.\u00a0 Partant de ce constat, nous proposons des solutions de s\u00e9curit\u00e9 adapt\u00e9es \u00e0 chaque type de risque en mettant en place des plans d\u2019actions appropri\u00e9s \u00a0et efficaces.<\/p><p style=\"text-align: left;\">Nous proposons des plans d\u2019action avec des moyens humains dans les \u00a0domaines suivants\u00a0: le Retail, (Analyses des risques li\u00e9es \u00e0 la d\u00e9marque inconnue suivies d\u2019un plan d\u2019action mesur\u00e9), commerce de proximit\u00e9, pharmacie, bijouterie, \u00a0etc..), surveillance des\u00a0 b\u00e2timents en travaux, des r\u00e9sidences priv\u00e9es, des h\u00f4tels, des b\u00e2timents publics, des parkings, salles de sport \u00a0et lors de toute organisation d&rsquo;\u00e9v\u00e9nements.<\/p>\t\t\t\t\t\t<\/div>\n\t\t\t\t<\/div>\n\t\t\t\t\t<\/div>\n\t\t\t\t<\/div>\n\t\t<div class=\"elementor-element elementor-element-f93504e e-flex e-con-boxed e-con e-parent\" data-id=\"f93504e\" data-element_type=\"container\" data-settings=\"{&quot;content_width&quot;:&quot;boxed&quot;}\" data-core-v316-plus=\"true\">\n\t\t\t\t\t<div class=\"e-con-inner\">\n\t\t\t\t<div class=\"elementor-element elementor-element-cca7712 elementor-widget elementor-widget-image\" data-id=\"cca7712\" data-element_type=\"widget\" data-widget_type=\"image.default\">\n\t\t\t\t<div class=\"elementor-widget-container\">\n\t\t\t<style>\/*! elementor - v3.19.0 - 28-02-2024 *\/\n.elementor-widget-image{text-align:center}.elementor-widget-image a{display:inline-block}.elementor-widget-image a img[src$=\".svg\"]{width:48px}.elementor-widget-image img{vertical-align:middle;display:inline-block}<\/style>\t\t\t\t\t\t\t\t\t\t<img fetchpriority=\"high\" decoding=\"async\" width=\"624\" height=\"640\" src=\"https:\/\/sectorisk.fr\/wp-content\/uploads\/2024\/03\/IMG_4964.jpg\" class=\"attachment-large size-large wp-image-434\" alt=\"\" srcset=\"https:\/\/sectorisk.fr\/wp-content\/uploads\/2024\/03\/IMG_4964.jpg 624w, https:\/\/sectorisk.fr\/wp-content\/uploads\/2024\/03\/IMG_4964-293x300.jpg 293w\" sizes=\"(max-width: 624px) 100vw, 624px\" \/>\t\t\t\t\t\t\t\t\t\t\t\t\t<\/div>\n\t\t\t\t<\/div>\n\t\t\t\t<div class=\"elementor-element elementor-element-fb54db7 elementor-widget elementor-widget-text-editor\" data-id=\"fb54db7\" data-element_type=\"widget\" data-widget_type=\"text-editor.default\">\n\t\t\t\t<div class=\"elementor-widget-container\">\n\t\t\t\t\t\t\t<p style=\"text-align: left;\">Au c\u0153ur de cette \u00e9tude, Brahima KANTE est un pur produit des m\u00e9tiers de la s\u00e9curit\u00e9 priv\u00e9e. Avec une exp\u00e9rience de plus de 15 ans aussi bien\u00a0 sur le terrain\u00a0\u00a0 que sur des postes de Middle Management\u00a0 au sein de plusieurs entreprises de s\u00e9curit\u00e9 priv\u00e9e dont un groupe international. \u00a0Anim\u00e9 par son sens relationnel et sa culture du client, il \u00a0a pour strat\u00e9gie de leur offrir une approche \u00e0 la fois professionnelle et personnalis\u00e9e \u00a0avec toute une gamme de services de s\u00e9curit\u00e9 ax\u00e9e essentiellement sur de <strong>l\u2019\u00e9coute<\/strong>, <strong>la proximit\u00e9<\/strong> et de <strong>l\u2019engagement<\/strong>.<\/p><p style=\"text-align: left;\">SECTORISK intervient uniquement en \u00cele-de-France et son si\u00e8ge social se trouve dans le d\u00e9partement 94.<\/p><p style=\"text-align: left;\">Son objectif principal est de rester plus r\u00e9actif en \u00e9tant au plus proche des clients pour mieux r\u00e9pondre \u00e0 leurs besoins. Vous pourriez \u00eatre un artiste et vouloir pr\u00e9senter vos travaux et vous m\u00eame ou encore \u00eatre une entreprise avec une mission \u00e0 promouvoir.<\/p>\t\t\t\t\t\t<\/div>\n\t\t\t\t<\/div>\n\t\t\t\t\t<\/div>\n\t\t\t\t<\/div>\n\t\t\t\t<\/div>\n\t\t","protected":false},"excerpt":{"rendered":"<p>\u00c0 PROPOS DE SECTORISK A partir d\u2019une \u00e9tude effectu\u00e9e sur la base des exp\u00e9riences r\u00e9colt\u00e9es sur le terrain par des professionnels du m\u00e9tier au plus proche \u00a0des clients, selon le type d\u2019activit\u00e9, les causes li\u00e9es aux risques peuvent \u00eatre multiples.\u00a0 Partant de ce constat, nous proposons des solutions de s\u00e9curit\u00e9 adapt\u00e9es \u00e0 chaque type de [&hellip;]<\/p>\n","protected":false},"author":1,"featured_media":0,"parent":0,"menu_order":0,"comment_status":"closed","ping_status":"closed","template":"","meta":{"footnotes":""},"class_list":["post-8","page","type-page","status-publish","hentry"],"yoast_head":"<!-- This site is optimized with the Yoast SEO plugin v22.3 - https:\/\/yoast.com\/wordpress\/plugins\/seo\/ -->\n<title>\u00c0 propos de Sectorisk - Sectorisk<\/title>\n<meta name=\"robots\" content=\"index, follow, max-snippet:-1, max-image-preview:large, max-video-preview:-1\" \/>\n<link rel=\"canonical\" href=\"https:\/\/sectorisk.fr\/index.php\/a-propos-de\/\" \/>\n<meta property=\"og:locale\" content=\"fr_FR\" \/>\n<meta property=\"og:type\" content=\"article\" \/>\n<meta property=\"og:title\" content=\"\u00c0 propos de Sectorisk - Sectorisk\" \/>\n<meta property=\"og:description\" content=\"\u00c0 PROPOS DE SECTORISK A partir d\u2019une \u00e9tude effectu\u00e9e sur la base des exp\u00e9riences r\u00e9colt\u00e9es sur le terrain par des professionnels du m\u00e9tier au plus proche \u00a0des clients, selon le type d\u2019activit\u00e9, les causes li\u00e9es aux risques peuvent \u00eatre multiples.\u00a0 Partant de ce constat, nous proposons des solutions de s\u00e9curit\u00e9 adapt\u00e9es \u00e0 chaque type de [&hellip;]\" \/>\n<meta property=\"og:url\" content=\"https:\/\/sectorisk.fr\/index.php\/a-propos-de\/\" \/>\n<meta property=\"og:site_name\" content=\"Sectorisk\" \/>\n<meta property=\"article:modified_time\" content=\"2024-05-16T12:26:05+00:00\" \/>\n<meta property=\"og:image\" content=\"http:\/\/sectorisk.fr\/wp-content\/uploads\/2024\/03\/IMG_4964.jpg\" \/>\n<meta name=\"twitter:card\" content=\"summary_large_image\" \/>\n<meta name=\"twitter:label1\" content=\"Dur\u00e9e de lecture estim\u00e9e\" \/>\n\t<meta name=\"twitter:data1\" content=\"2 minutes\" \/>\n<script type=\"application\/ld+json\" class=\"yoast-schema-graph\">{\"@context\":\"https:\/\/schema.org\",\"@graph\":[{\"@type\":\"WebPage\",\"@id\":\"https:\/\/sectorisk.fr\/index.php\/a-propos-de\/\",\"url\":\"https:\/\/sectorisk.fr\/index.php\/a-propos-de\/\",\"name\":\"\u00c0 propos de Sectorisk - Sectorisk\",\"isPartOf\":{\"@id\":\"https:\/\/sectorisk.fr\/#website\"},\"primaryImageOfPage\":{\"@id\":\"https:\/\/sectorisk.fr\/index.php\/a-propos-de\/#primaryimage\"},\"image\":{\"@id\":\"https:\/\/sectorisk.fr\/index.php\/a-propos-de\/#primaryimage\"},\"thumbnailUrl\":\"http:\/\/sectorisk.fr\/wp-content\/uploads\/2024\/03\/IMG_4964.jpg\",\"datePublished\":\"2019-01-16T13:29:21+00:00\",\"dateModified\":\"2024-05-16T12:26:05+00:00\",\"breadcrumb\":{\"@id\":\"https:\/\/sectorisk.fr\/index.php\/a-propos-de\/#breadcrumb\"},\"inLanguage\":\"fr-FR\",\"potentialAction\":[{\"@type\":\"ReadAction\",\"target\":[\"https:\/\/sectorisk.fr\/index.php\/a-propos-de\/\"]}]},{\"@type\":\"ImageObject\",\"inLanguage\":\"fr-FR\",\"@id\":\"https:\/\/sectorisk.fr\/index.php\/a-propos-de\/#primaryimage\",\"url\":\"https:\/\/sectorisk.fr\/wp-content\/uploads\/2024\/03\/IMG_4964.jpg\",\"contentUrl\":\"https:\/\/sectorisk.fr\/wp-content\/uploads\/2024\/03\/IMG_4964.jpg\",\"width\":624,\"height\":640},{\"@type\":\"BreadcrumbList\",\"@id\":\"https:\/\/sectorisk.fr\/index.php\/a-propos-de\/#breadcrumb\",\"itemListElement\":[{\"@type\":\"ListItem\",\"position\":1,\"name\":\"Accueil\",\"item\":\"https:\/\/sectorisk.fr\/\"},{\"@type\":\"ListItem\",\"position\":2,\"name\":\"\u00c0 propos de Sectorisk\"}]},{\"@type\":\"WebSite\",\"@id\":\"https:\/\/sectorisk.fr\/#website\",\"url\":\"https:\/\/sectorisk.fr\/\",\"name\":\"Sectorisk\",\"description\":\"&#039;&#039;Parce que votre s\u00e9curit\u00e9 n&#039;est pas une option,elle est une priorit\u00e9&#039;&#039;\",\"publisher\":{\"@id\":\"https:\/\/sectorisk.fr\/#organization\"},\"potentialAction\":[{\"@type\":\"SearchAction\",\"target\":{\"@type\":\"EntryPoint\",\"urlTemplate\":\"https:\/\/sectorisk.fr\/?s={search_term_string}\"},\"query-input\":\"required name=search_term_string\"}],\"inLanguage\":\"fr-FR\"},{\"@type\":\"Organization\",\"@id\":\"https:\/\/sectorisk.fr\/#organization\",\"name\":\"Sectorisk\",\"url\":\"https:\/\/sectorisk.fr\/\",\"logo\":{\"@type\":\"ImageObject\",\"inLanguage\":\"fr-FR\",\"@id\":\"https:\/\/sectorisk.fr\/#\/schema\/logo\/image\/\",\"url\":\"https:\/\/sectorisk.fr\/wp-content\/uploads\/2024\/05\/cropped-Logo-Setorisk-blanc-v2.png\",\"contentUrl\":\"https:\/\/sectorisk.fr\/wp-content\/uploads\/2024\/05\/cropped-Logo-Setorisk-blanc-v2.png\",\"width\":672,\"height\":125,\"caption\":\"Sectorisk\"},\"image\":{\"@id\":\"https:\/\/sectorisk.fr\/#\/schema\/logo\/image\/\"}}]}<\/script>\n<!-- \/ Yoast SEO plugin. -->","yoast_head_json":{"title":"\u00c0 propos de Sectorisk - Sectorisk","robots":{"index":"index","follow":"follow","max-snippet":"max-snippet:-1","max-image-preview":"max-image-preview:large","max-video-preview":"max-video-preview:-1"},"canonical":"https:\/\/sectorisk.fr\/index.php\/a-propos-de\/","og_locale":"fr_FR","og_type":"article","og_title":"\u00c0 propos de Sectorisk - Sectorisk","og_description":"\u00c0 PROPOS DE SECTORISK A partir d\u2019une \u00e9tude effectu\u00e9e sur la base des exp\u00e9riences r\u00e9colt\u00e9es sur le terrain par des professionnels du m\u00e9tier au plus proche \u00a0des clients, selon le type d\u2019activit\u00e9, les causes li\u00e9es aux risques peuvent \u00eatre multiples.\u00a0 Partant de ce constat, nous proposons des solutions de s\u00e9curit\u00e9 adapt\u00e9es \u00e0 chaque type de [&hellip;]","og_url":"https:\/\/sectorisk.fr\/index.php\/a-propos-de\/","og_site_name":"Sectorisk","article_modified_time":"2024-05-16T12:26:05+00:00","og_image":[{"url":"http:\/\/sectorisk.fr\/wp-content\/uploads\/2024\/03\/IMG_4964.jpg"}],"twitter_card":"summary_large_image","twitter_misc":{"Dur\u00e9e de lecture estim\u00e9e":"2 minutes"},"schema":{"@context":"https:\/\/schema.org","@graph":[{"@type":"WebPage","@id":"https:\/\/sectorisk.fr\/index.php\/a-propos-de\/","url":"https:\/\/sectorisk.fr\/index.php\/a-propos-de\/","name":"\u00c0 propos de Sectorisk - Sectorisk","isPartOf":{"@id":"https:\/\/sectorisk.fr\/#website"},"primaryImageOfPage":{"@id":"https:\/\/sectorisk.fr\/index.php\/a-propos-de\/#primaryimage"},"image":{"@id":"https:\/\/sectorisk.fr\/index.php\/a-propos-de\/#primaryimage"},"thumbnailUrl":"http:\/\/sectorisk.fr\/wp-content\/uploads\/2024\/03\/IMG_4964.jpg","datePublished":"2019-01-16T13:29:21+00:00","dateModified":"2024-05-16T12:26:05+00:00","breadcrumb":{"@id":"https:\/\/sectorisk.fr\/index.php\/a-propos-de\/#breadcrumb"},"inLanguage":"fr-FR","potentialAction":[{"@type":"ReadAction","target":["https:\/\/sectorisk.fr\/index.php\/a-propos-de\/"]}]},{"@type":"ImageObject","inLanguage":"fr-FR","@id":"https:\/\/sectorisk.fr\/index.php\/a-propos-de\/#primaryimage","url":"https:\/\/sectorisk.fr\/wp-content\/uploads\/2024\/03\/IMG_4964.jpg","contentUrl":"https:\/\/sectorisk.fr\/wp-content\/uploads\/2024\/03\/IMG_4964.jpg","width":624,"height":640},{"@type":"BreadcrumbList","@id":"https:\/\/sectorisk.fr\/index.php\/a-propos-de\/#breadcrumb","itemListElement":[{"@type":"ListItem","position":1,"name":"Accueil","item":"https:\/\/sectorisk.fr\/"},{"@type":"ListItem","position":2,"name":"\u00c0 propos de Sectorisk"}]},{"@type":"WebSite","@id":"https:\/\/sectorisk.fr\/#website","url":"https:\/\/sectorisk.fr\/","name":"Sectorisk","description":"&#039;&#039;Parce que votre s\u00e9curit\u00e9 n&#039;est pas une option,elle est une priorit\u00e9&#039;&#039;","publisher":{"@id":"https:\/\/sectorisk.fr\/#organization"},"potentialAction":[{"@type":"SearchAction","target":{"@type":"EntryPoint","urlTemplate":"https:\/\/sectorisk.fr\/?s={search_term_string}"},"query-input":"required name=search_term_string"}],"inLanguage":"fr-FR"},{"@type":"Organization","@id":"https:\/\/sectorisk.fr\/#organization","name":"Sectorisk","url":"https:\/\/sectorisk.fr\/","logo":{"@type":"ImageObject","inLanguage":"fr-FR","@id":"https:\/\/sectorisk.fr\/#\/schema\/logo\/image\/","url":"https:\/\/sectorisk.fr\/wp-content\/uploads\/2024\/05\/cropped-Logo-Setorisk-blanc-v2.png","contentUrl":"https:\/\/sectorisk.fr\/wp-content\/uploads\/2024\/05\/cropped-Logo-Setorisk-blanc-v2.png","width":672,"height":125,"caption":"Sectorisk"},"image":{"@id":"https:\/\/sectorisk.fr\/#\/schema\/logo\/image\/"}}]}},"_links":{"self":[{"href":"https:\/\/sectorisk.fr\/index.php\/wp-json\/wp\/v2\/pages\/8","targetHints":{"allow":["GET"]}}],"collection":[{"href":"https:\/\/sectorisk.fr\/index.php\/wp-json\/wp\/v2\/pages"}],"about":[{"href":"https:\/\/sectorisk.fr\/index.php\/wp-json\/wp\/v2\/types\/page"}],"author":[{"embeddable":true,"href":"https:\/\/sectorisk.fr\/index.php\/wp-json\/wp\/v2\/users\/1"}],"replies":[{"embeddable":true,"href":"https:\/\/sectorisk.fr\/index.php\/wp-json\/wp\/v2\/comments?post=8"}],"version-history":[{"count":31,"href":"https:\/\/sectorisk.fr\/index.php\/wp-json\/wp\/v2\/pages\/8\/revisions"}],"predecessor-version":[{"id":551,"href":"https:\/\/sectorisk.fr\/index.php\/wp-json\/wp\/v2\/pages\/8\/revisions\/551"}],"wp:attachment":[{"href":"https:\/\/sectorisk.fr\/index.php\/wp-json\/wp\/v2\/media?parent=8"}],"curies":[{"name":"wp","href":"https:\/\/api.w.org\/{rel}","templated":true}]}}